{"id":44544,"date":"2026-05-11T12:20:31","date_gmt":"2026-05-11T10:20:31","guid":{"rendered":"https:\/\/sprouters.de\/?post_type=product&#038;p=44544"},"modified":"2026-05-11T12:23:48","modified_gmt":"2026-05-11T10:23:48","slug":"butter-goods-relaxed-denim-hose-sunfade-blue","status":"publish","type":"product","link":"https:\/\/sprouters.de\/en\/product\/butter-goods-relaxed-denim-hose-sunfade-blue\/","title":{"rendered":"Butter Goods Relaxed Denim Hose &#8211; Sunfade Blue"},"content":{"rendered":"<p>Jeans aus 100 % Baumwolle im Relaxed Fit<\/p>\n<p>gewebtes Label auf der vorderen M\u00fcnztasche sowie auf der Ges\u00e4\u00dftasche<\/p>\n<p>aufgesetzte Ges\u00e4\u00dftaschen<\/p>\n<p>PU-Patch am Bund<\/p>\n<p>G\u00fcrtelschlaufen mit innenliegendem Kordelzug am Bund<\/p>\n","protected":false},"excerpt":{"rendered":"<p>Jeans aus 100 % Baumwolle im Relaxed Fit gewebtes Label auf der vorderen M\u00fcnztasche sowie auf der Ges\u00e4\u00dftasche aufgesetzte Ges\u00e4\u00dftaschen PU-Patch am Bund G\u00fcrtelschlaufen mit innenliegendem Kordelzug am Bund<\/p>\n","protected":false},"featured_media":44549,"template":"","meta":{"_mo_disable_npp":"","einkaufspreis":""},"pwb-brand":[],"product_brand":[],"product_cat":[583],"product_tag":[],"class_list":{"0":"post-44544","1":"product","2":"type-product","3":"status-publish","4":"has-post-thumbnail","6":"product_cat-coming-soon","8":"first","9":"instock","10":"taxable","11":"shipping-taxable","12":"product-type-variable","13":"wvs-archive-product-wrapper"},"yoast_head":"<!-- This site is optimized with the Yoast SEO plugin v27.5 - https:\/\/yoast.com\/product\/yoast-seo-wordpress\/ -->\n<title>Butter Goods Relaxed Denim Hose - Sunfade Blue | Sprouters<\/title>\n<meta name=\"description\" content=\"Butter Goods Relaxed Denim Hose - Sunfade Blue buy at Sprouters \u2713 fast shipping \u2713 top quality \u25ba discover now!\" \/>\n<meta name=\"robots\" content=\"index, follow, max-snippet:-1, max-image-preview:large, max-video-preview:-1\" \/>\n<link rel=\"canonical\" href=\"https:\/\/sprouters.de\/en\/product\/butter-goods-relaxed-denim-hose-sunfade-blue\/\" \/>\n<meta property=\"og:locale\" content=\"en_US\" \/>\n<meta property=\"og:type\" content=\"article\" \/>\n<meta property=\"og:title\" content=\"Butter Goods Relaxed Denim Hose - Sunfade Blue | Sprouters\" \/>\n<meta property=\"og:description\" content=\"Butter Goods Relaxed Denim Hose - Sunfade Blue buy at Sprouters \u2713 fast shipping \u2713 top quality \u25ba discover now!\" \/>\n<meta property=\"og:url\" content=\"https:\/\/sprouters.de\/en\/product\/butter-goods-relaxed-denim-hose-sunfade-blue\/\" \/>\n<meta property=\"og:site_name\" content=\"Sprouters\" \/>\n<meta property=\"article:modified_time\" content=\"2026-05-11T10:23:48+00:00\" \/>\n<meta property=\"og:image\" content=\"https:\/\/sprouters.de\/wp-content\/uploads\/2026\/05\/Relaxed-Denim-Jeans-Sunfaded-Blue-2_2_11zon.jpeg\" \/>\n\t<meta property=\"og:image:width\" content=\"1000\" \/>\n\t<meta property=\"og:image:height\" content=\"1000\" \/>\n\t<meta property=\"og:image:type\" content=\"image\/jpeg\" \/>\n<meta name=\"twitter:card\" content=\"summary_large_image\" \/>\n<meta name=\"twitter:label1\" content=\"Est. reading time\" \/>\n\t<meta name=\"twitter:data1\" content=\"1 minute\" \/>\n<script type=\"application\/ld+json\" class=\"yoast-schema-graph\">{\"@context\":\"https:\\\/\\\/schema.org\",\"@graph\":[{\"@type\":\"WebPage\",\"@id\":\"https:\\\/\\\/sprouters.de\\\/en\\\/product\\\/butter-goods-relaxed-denim-hose-sunfade-blue\\\/\",\"url\":\"https:\\\/\\\/sprouters.de\\\/en\\\/product\\\/butter-goods-relaxed-denim-hose-sunfade-blue\\\/\",\"name\":\"Butter Goods Relaxed Denim Hose - Sunfade Blue | Sprouters\",\"isPartOf\":{\"@id\":\"https:\\\/\\\/sprouters.de\\\/en\\\/#website\"},\"primaryImageOfPage\":{\"@id\":\"https:\\\/\\\/sprouters.de\\\/en\\\/product\\\/butter-goods-relaxed-denim-hose-sunfade-blue\\\/#primaryimage\"},\"image\":{\"@id\":\"https:\\\/\\\/sprouters.de\\\/en\\\/product\\\/butter-goods-relaxed-denim-hose-sunfade-blue\\\/#primaryimage\"},\"thumbnailUrl\":\"https:\\\/\\\/sprouters.de\\\/wp-content\\\/uploads\\\/2026\\\/05\\\/Relaxed-Denim-Jeans-Sunfaded-Blue-2_2_11zon.jpeg\",\"datePublished\":\"2026-05-11T10:20:31+00:00\",\"dateModified\":\"2026-05-11T10:23:48+00:00\",\"description\":\"Butter Goods Relaxed Denim Hose - Sunfade Blue buy at Sprouters \u2713 fast shipping \u2713 top quality \u25ba discover now!\",\"breadcrumb\":{\"@id\":\"https:\\\/\\\/sprouters.de\\\/en\\\/product\\\/butter-goods-relaxed-denim-hose-sunfade-blue\\\/#breadcrumb\"},\"inLanguage\":\"en-US\",\"potentialAction\":[{\"@type\":\"ReadAction\",\"target\":[\"https:\\\/\\\/sprouters.de\\\/en\\\/product\\\/butter-goods-relaxed-denim-hose-sunfade-blue\\\/\"]}]},{\"@type\":\"ImageObject\",\"inLanguage\":\"en-US\",\"@id\":\"https:\\\/\\\/sprouters.de\\\/en\\\/product\\\/butter-goods-relaxed-denim-hose-sunfade-blue\\\/#primaryimage\",\"url\":\"https:\\\/\\\/sprouters.de\\\/wp-content\\\/uploads\\\/2026\\\/05\\\/Relaxed-Denim-Jeans-Sunfaded-Blue-2_2_11zon.jpeg\",\"contentUrl\":\"https:\\\/\\\/sprouters.de\\\/wp-content\\\/uploads\\\/2026\\\/05\\\/Relaxed-Denim-Jeans-Sunfaded-Blue-2_2_11zon.jpeg\",\"width\":1000,\"height\":1000},{\"@type\":\"BreadcrumbList\",\"@id\":\"https:\\\/\\\/sprouters.de\\\/en\\\/product\\\/butter-goods-relaxed-denim-hose-sunfade-blue\\\/#breadcrumb\",\"itemListElement\":[{\"@type\":\"ListItem\",\"position\":1,\"name\":\"Home page\",\"item\":\"https:\\\/\\\/sprouters.de\\\/en\\\/\"},{\"@type\":\"ListItem\",\"position\":2,\"name\":\"Shop\",\"item\":\"https:\\\/\\\/sprouters.de\\\/shop\\\/\"},{\"@type\":\"ListItem\",\"position\":3,\"name\":\"Butter Goods Relaxed Denim Hose &#8211; Sunfade Blue\"}]},{\"@type\":\"WebSite\",\"@id\":\"https:\\\/\\\/sprouters.de\\\/en\\\/#website\",\"url\":\"https:\\\/\\\/sprouters.de\\\/en\\\/\",\"name\":\"Sprouters\",\"description\":\"\",\"publisher\":{\"@id\":\"https:\\\/\\\/sprouters.de\\\/en\\\/#organization\"},\"potentialAction\":[{\"@type\":\"SearchAction\",\"target\":{\"@type\":\"EntryPoint\",\"urlTemplate\":\"https:\\\/\\\/sprouters.de\\\/en\\\/?s={search_term_string}\"},\"query-input\":{\"@type\":\"PropertyValueSpecification\",\"valueRequired\":true,\"valueName\":\"search_term_string\"}}],\"inLanguage\":\"en-US\"},{\"@type\":\"Organization\",\"@id\":\"https:\\\/\\\/sprouters.de\\\/en\\\/#organization\",\"name\":\"Sprouters\",\"url\":\"https:\\\/\\\/sprouters.de\\\/en\\\/\",\"logo\":{\"@type\":\"ImageObject\",\"inLanguage\":\"en-US\",\"@id\":\"https:\\\/\\\/sprouters.de\\\/en\\\/#\\\/schema\\\/logo\\\/image\\\/\",\"url\":\"https:\\\/\\\/sprouters.de\\\/wp-content\\\/uploads\\\/2023\\\/04\\\/sprouters-01.svg\",\"contentUrl\":\"https:\\\/\\\/sprouters.de\\\/wp-content\\\/uploads\\\/2023\\\/04\\\/sprouters-01.svg\",\"width\":150,\"height\":150,\"caption\":\"Sprouters\"},\"image\":{\"@id\":\"https:\\\/\\\/sprouters.de\\\/en\\\/#\\\/schema\\\/logo\\\/image\\\/\"}}]}<\/script>\n<!-- \/ Yoast SEO plugin. -->","yoast_head_json":{"title":"Butter Goods Relaxed Denim Hose - Sunfade Blue | Sprouters","description":"Butter Goods Relaxed Denim Hose - Sunfade Blue buy at Sprouters \u2713 fast shipping \u2713 top quality \u25ba discover now!","robots":{"index":"index","follow":"follow","max-snippet":"max-snippet:-1","max-image-preview":"max-image-preview:large","max-video-preview":"max-video-preview:-1"},"canonical":"https:\/\/sprouters.de\/en\/product\/butter-goods-relaxed-denim-hose-sunfade-blue\/","og_locale":"en_US","og_type":"article","og_title":"Butter Goods Relaxed Denim Hose - Sunfade Blue | Sprouters","og_description":"Butter Goods Relaxed Denim Hose - Sunfade Blue buy at Sprouters \u2713 fast shipping \u2713 top quality \u25ba discover now!","og_url":"https:\/\/sprouters.de\/en\/product\/butter-goods-relaxed-denim-hose-sunfade-blue\/","og_site_name":"Sprouters","article_modified_time":"2026-05-11T10:23:48+00:00","og_image":[{"width":1000,"height":1000,"url":"https:\/\/sprouters.de\/wp-content\/uploads\/2026\/05\/Relaxed-Denim-Jeans-Sunfaded-Blue-2_2_11zon.jpeg","type":"image\/jpeg"}],"twitter_card":"summary_large_image","twitter_misc":{"Est. reading time":"1 minute"},"schema":{"@context":"https:\/\/schema.org","@graph":[{"@type":"WebPage","@id":"https:\/\/sprouters.de\/en\/product\/butter-goods-relaxed-denim-hose-sunfade-blue\/","url":"https:\/\/sprouters.de\/en\/product\/butter-goods-relaxed-denim-hose-sunfade-blue\/","name":"Butter Goods Relaxed Denim Hose - Sunfade Blue | Sprouters","isPartOf":{"@id":"https:\/\/sprouters.de\/en\/#website"},"primaryImageOfPage":{"@id":"https:\/\/sprouters.de\/en\/product\/butter-goods-relaxed-denim-hose-sunfade-blue\/#primaryimage"},"image":{"@id":"https:\/\/sprouters.de\/en\/product\/butter-goods-relaxed-denim-hose-sunfade-blue\/#primaryimage"},"thumbnailUrl":"https:\/\/sprouters.de\/wp-content\/uploads\/2026\/05\/Relaxed-Denim-Jeans-Sunfaded-Blue-2_2_11zon.jpeg","datePublished":"2026-05-11T10:20:31+00:00","dateModified":"2026-05-11T10:23:48+00:00","description":"Butter Goods Relaxed Denim Hose - Sunfade Blue buy at Sprouters \u2713 fast shipping \u2713 top quality \u25ba discover now!","breadcrumb":{"@id":"https:\/\/sprouters.de\/en\/product\/butter-goods-relaxed-denim-hose-sunfade-blue\/#breadcrumb"},"inLanguage":"en-US","potentialAction":[{"@type":"ReadAction","target":["https:\/\/sprouters.de\/en\/product\/butter-goods-relaxed-denim-hose-sunfade-blue\/"]}]},{"@type":"ImageObject","inLanguage":"en-US","@id":"https:\/\/sprouters.de\/en\/product\/butter-goods-relaxed-denim-hose-sunfade-blue\/#primaryimage","url":"https:\/\/sprouters.de\/wp-content\/uploads\/2026\/05\/Relaxed-Denim-Jeans-Sunfaded-Blue-2_2_11zon.jpeg","contentUrl":"https:\/\/sprouters.de\/wp-content\/uploads\/2026\/05\/Relaxed-Denim-Jeans-Sunfaded-Blue-2_2_11zon.jpeg","width":1000,"height":1000},{"@type":"BreadcrumbList","@id":"https:\/\/sprouters.de\/en\/product\/butter-goods-relaxed-denim-hose-sunfade-blue\/#breadcrumb","itemListElement":[{"@type":"ListItem","position":1,"name":"Home page","item":"https:\/\/sprouters.de\/en\/"},{"@type":"ListItem","position":2,"name":"Shop","item":"https:\/\/sprouters.de\/shop\/"},{"@type":"ListItem","position":3,"name":"Butter Goods Relaxed Denim Hose &#8211; Sunfade Blue"}]},{"@type":"WebSite","@id":"https:\/\/sprouters.de\/en\/#website","url":"https:\/\/sprouters.de\/en\/","name":"Sprouters","description":"","publisher":{"@id":"https:\/\/sprouters.de\/en\/#organization"},"potentialAction":[{"@type":"SearchAction","target":{"@type":"EntryPoint","urlTemplate":"https:\/\/sprouters.de\/en\/?s={search_term_string}"},"query-input":{"@type":"PropertyValueSpecification","valueRequired":true,"valueName":"search_term_string"}}],"inLanguage":"en-US"},{"@type":"Organization","@id":"https:\/\/sprouters.de\/en\/#organization","name":"Sprouters","url":"https:\/\/sprouters.de\/en\/","logo":{"@type":"ImageObject","inLanguage":"en-US","@id":"https:\/\/sprouters.de\/en\/#\/schema\/logo\/image\/","url":"https:\/\/sprouters.de\/wp-content\/uploads\/2023\/04\/sprouters-01.svg","contentUrl":"https:\/\/sprouters.de\/wp-content\/uploads\/2023\/04\/sprouters-01.svg","width":150,"height":150,"caption":"Sprouters"},"image":{"@id":"https:\/\/sprouters.de\/en\/#\/schema\/logo\/image\/"}}]}},"brands":[],"_links":{"self":[{"href":"https:\/\/sprouters.de\/en\/wp-json\/wp\/v2\/product\/44544","targetHints":{"allow":["GET"]}}],"collection":[{"href":"https:\/\/sprouters.de\/en\/wp-json\/wp\/v2\/product"}],"about":[{"href":"https:\/\/sprouters.de\/en\/wp-json\/wp\/v2\/types\/product"}],"wp:featuredmedia":[{"embeddable":true,"href":"https:\/\/sprouters.de\/en\/wp-json\/wp\/v2\/media\/44549"}],"wp:attachment":[{"href":"https:\/\/sprouters.de\/en\/wp-json\/wp\/v2\/media?parent=44544"}],"wp:term":[{"taxonomy":"pwb-brand","embeddable":true,"href":"https:\/\/sprouters.de\/en\/wp-json\/wp\/v2\/pwb-brand?post=44544"},{"taxonomy":"product_brand","embeddable":true,"href":"https:\/\/sprouters.de\/en\/wp-json\/wp\/v2\/product_brand?post=44544"},{"taxonomy":"product_cat","embeddable":true,"href":"https:\/\/sprouters.de\/en\/wp-json\/wp\/v2\/product_cat?post=44544"},{"taxonomy":"product_tag","embeddable":true,"href":"https:\/\/sprouters.de\/en\/wp-json\/wp\/v2\/product_tag?post=44544"}],"curies":[{"name":"wp","href":"https:\/\/api.w.org\/{rel}","templated":true}]}}