{"id":44104,"date":"2026-03-26T11:46:49","date_gmt":"2026-03-26T10:46:49","guid":{"rendered":"https:\/\/sprouters.de\/produkt\/dime-studded-belt-black\/"},"modified":"2026-04-08T13:25:54","modified_gmt":"2026-04-08T11:25:54","slug":"dime-studded-belt-black","status":"publish","type":"product","link":"https:\/\/sprouters.de\/en\/product\/dime-studded-belt-black\/","title":{"rendered":"Dime Studded Belt &#8211; Black"},"content":{"rendered":"<p>100% nylon<\/p>\n<p>Adjustable sizes<\/p>\n<div id=\"tw-target-text-container\" class=\"tw-ta-container tw-nfl\" tabindex=\"0\" role=\"text\">\n<pre id=\"tw-target-text\" class=\"tw-data-text tw-text-large tw-ta\" dir=\"ltr\" tabindex=\"-1\" role=\"text\" data-placeholder=\"\u00dcbersetzung\" data-ved=\"2ahUKEwiCsafcsb2TAxXyQvEDHWw4EooQ3ewLegQIDBAV\" aria-label=\"\u00dcbersetzter Text: Das Model ist 1,85 m gro\u00df und tr\u00e4gt Gr\u00f6\u00dfe S\/M\"><span class=\"Y2IQFc\" lang=\"de\">The model is 1.85 m tall and wears size S\/M<\/span><\/pre>\n<\/div>\n<div id=\"tw-target-rmn-container\" class=\"tw-target-rmn tw-ta-container tw-nfl\" tabindex=\"-1\" role=\"text\">\n<pre id=\"tw-target-rmn\" class=\"tw-data-placeholder tw-text-small tw-ta\" dir=\"ltr\" tabindex=\"-1\" role=\"text\" data-placeholder=\"\"><\/pre>\n<\/div>\n","protected":false},"excerpt":{"rendered":"<p>100% nylon Adjustable sizes The model is 1.85 m tall and wears size S\/M<\/p>\n","protected":false},"featured_media":43910,"template":"","meta":{"_mo_disable_npp":"","einkaufspreis":""},"pwb-brand":[507],"product_brand":[],"product_cat":[348,347],"product_tag":[],"class_list":{"0":"post-44104","1":"product","2":"type-product","3":"status-publish","4":"has-post-thumbnail","6":"pwb-brand-dime","7":"product_cat-accessoires","8":"product_cat-clothing","10":"first","11":"instock","12":"taxable","13":"shipping-taxable","14":"purchasable","15":"product-type-variable","16":"wvs-archive-product-wrapper"},"yoast_head":"<!-- This site is optimized with the Yoast SEO plugin v27.1.1 - https:\/\/yoast.com\/product\/yoast-seo-wordpress\/ -->\n<title>Dime Studded Belt - Black | Sprouters<\/title>\n<meta name=\"description\" content=\"Dime Studded Belt - Black buy at Sprouters \u2713 fast shipping \u2713 top quality \u25ba discover now!\" \/>\n<meta name=\"robots\" content=\"index, follow, max-snippet:-1, max-image-preview:large, max-video-preview:-1\" \/>\n<link rel=\"canonical\" href=\"https:\/\/sprouters.de\/en\/product\/dime-studded-belt-black\/\" \/>\n<meta property=\"og:locale\" content=\"en_US\" \/>\n<meta property=\"og:type\" content=\"article\" \/>\n<meta property=\"og:title\" content=\"Dime Studded Belt - Black | Sprouters\" \/>\n<meta property=\"og:description\" content=\"Dime Studded Belt - Black buy at Sprouters \u2713 fast shipping \u2713 top quality \u25ba discover now!\" \/>\n<meta property=\"og:url\" content=\"https:\/\/sprouters.de\/en\/product\/dime-studded-belt-black\/\" \/>\n<meta property=\"og:site_name\" content=\"Sprouters\" \/>\n<meta property=\"article:modified_time\" content=\"2026-04-08T11:25:54+00:00\" \/>\n<meta property=\"og:image\" content=\"https:\/\/sprouters.de\/wp-content\/uploads\/2026\/03\/dime-studded-guertel-black_2_11zon.webp\" \/>\n\t<meta property=\"og:image:width\" content=\"1000\" \/>\n\t<meta property=\"og:image:height\" content=\"1000\" \/>\n\t<meta property=\"og:image:type\" content=\"image\/webp\" \/>\n<meta name=\"twitter:card\" content=\"summary_large_image\" \/>\n<script type=\"application\/ld+json\" class=\"yoast-schema-graph\">{\"@context\":\"https:\/\/schema.org\",\"@graph\":[{\"@type\":\"WebPage\",\"@id\":\"https:\/\/sprouters.de\/en\/product\/dime-studded-belt-black\/\",\"url\":\"https:\/\/sprouters.de\/en\/product\/dime-studded-belt-black\/\",\"name\":\"Dime Studded Belt - Black | Sprouters\",\"isPartOf\":{\"@id\":\"https:\/\/sprouters.de\/en\/#website\"},\"primaryImageOfPage\":{\"@id\":\"https:\/\/sprouters.de\/en\/product\/dime-studded-belt-black\/#primaryimage\"},\"image\":{\"@id\":\"https:\/\/sprouters.de\/en\/product\/dime-studded-belt-black\/#primaryimage\"},\"thumbnailUrl\":\"https:\/\/sprouters.de\/wp-content\/uploads\/2026\/03\/dime-studded-guertel-black_2_11zon.webp\",\"datePublished\":\"2026-03-26T10:46:49+00:00\",\"dateModified\":\"2026-04-08T11:25:54+00:00\",\"description\":\"Dime Studded Belt - Black buy at Sprouters \u2713 fast shipping \u2713 top quality \u25ba discover now!\",\"breadcrumb\":{\"@id\":\"https:\/\/sprouters.de\/en\/product\/dime-studded-belt-black\/#breadcrumb\"},\"inLanguage\":\"en-US\",\"potentialAction\":[{\"@type\":\"ReadAction\",\"target\":[\"https:\/\/sprouters.de\/en\/product\/dime-studded-belt-black\/\"]}]},{\"@type\":\"ImageObject\",\"inLanguage\":\"en-US\",\"@id\":\"https:\/\/sprouters.de\/en\/product\/dime-studded-belt-black\/#primaryimage\",\"url\":\"https:\/\/sprouters.de\/wp-content\/uploads\/2026\/03\/dime-studded-guertel-black_2_11zon.webp\",\"contentUrl\":\"https:\/\/sprouters.de\/wp-content\/uploads\/2026\/03\/dime-studded-guertel-black_2_11zon.webp\",\"width\":1000,\"height\":1000},{\"@type\":\"BreadcrumbList\",\"@id\":\"https:\/\/sprouters.de\/en\/product\/dime-studded-belt-black\/#breadcrumb\",\"itemListElement\":[{\"@type\":\"ListItem\",\"position\":1,\"name\":\"Home page\",\"item\":\"https:\/\/sprouters.de\/en\/\"},{\"@type\":\"ListItem\",\"position\":2,\"name\":\"Shop\",\"item\":\"https:\/\/sprouters.de\/shop\/\"},{\"@type\":\"ListItem\",\"position\":3,\"name\":\"Dime Studded Belt &#8211; Black\"}]},{\"@type\":\"WebSite\",\"@id\":\"https:\/\/sprouters.de\/en\/#website\",\"url\":\"https:\/\/sprouters.de\/en\/\",\"name\":\"Sprouters\",\"description\":\"\",\"publisher\":{\"@id\":\"https:\/\/sprouters.de\/en\/#organization\"},\"potentialAction\":[{\"@type\":\"SearchAction\",\"target\":{\"@type\":\"EntryPoint\",\"urlTemplate\":\"https:\/\/sprouters.de\/en\/?s={search_term_string}\"},\"query-input\":{\"@type\":\"PropertyValueSpecification\",\"valueRequired\":true,\"valueName\":\"search_term_string\"}}],\"inLanguage\":\"en-US\"},{\"@type\":\"Organization\",\"@id\":\"https:\/\/sprouters.de\/en\/#organization\",\"name\":\"Sprouters\",\"url\":\"https:\/\/sprouters.de\/en\/\",\"logo\":{\"@type\":\"ImageObject\",\"inLanguage\":\"en-US\",\"@id\":\"https:\/\/sprouters.de\/en\/#\/schema\/logo\/image\/\",\"url\":\"https:\/\/sprouters.de\/wp-content\/uploads\/2023\/04\/sprouters-01.svg\",\"contentUrl\":\"https:\/\/sprouters.de\/wp-content\/uploads\/2023\/04\/sprouters-01.svg\",\"width\":150,\"height\":150,\"caption\":\"Sprouters\"},\"image\":{\"@id\":\"https:\/\/sprouters.de\/en\/#\/schema\/logo\/image\/\"}}]}<\/script>\n<!-- \/ Yoast SEO plugin. -->","yoast_head_json":{"title":"Dime Studded Belt - Black | Sprouters","description":"Dime Studded Belt - Black buy at Sprouters \u2713 fast shipping \u2713 top quality \u25ba discover now!","robots":{"index":"index","follow":"follow","max-snippet":"max-snippet:-1","max-image-preview":"max-image-preview:large","max-video-preview":"max-video-preview:-1"},"canonical":"https:\/\/sprouters.de\/en\/product\/dime-studded-belt-black\/","og_locale":"en_US","og_type":"article","og_title":"Dime Studded Belt - Black | Sprouters","og_description":"Dime Studded Belt - Black buy at Sprouters \u2713 fast shipping \u2713 top quality \u25ba discover now!","og_url":"https:\/\/sprouters.de\/en\/product\/dime-studded-belt-black\/","og_site_name":"Sprouters","article_modified_time":"2026-04-08T11:25:54+00:00","og_image":[{"width":1000,"height":1000,"url":"https:\/\/sprouters.de\/wp-content\/uploads\/2026\/03\/dime-studded-guertel-black_2_11zon.webp","type":"image\/webp"}],"twitter_card":"summary_large_image","schema":{"@context":"https:\/\/schema.org","@graph":[{"@type":"WebPage","@id":"https:\/\/sprouters.de\/en\/product\/dime-studded-belt-black\/","url":"https:\/\/sprouters.de\/en\/product\/dime-studded-belt-black\/","name":"Dime Studded Belt - Black | Sprouters","isPartOf":{"@id":"https:\/\/sprouters.de\/en\/#website"},"primaryImageOfPage":{"@id":"https:\/\/sprouters.de\/en\/product\/dime-studded-belt-black\/#primaryimage"},"image":{"@id":"https:\/\/sprouters.de\/en\/product\/dime-studded-belt-black\/#primaryimage"},"thumbnailUrl":"https:\/\/sprouters.de\/wp-content\/uploads\/2026\/03\/dime-studded-guertel-black_2_11zon.webp","datePublished":"2026-03-26T10:46:49+00:00","dateModified":"2026-04-08T11:25:54+00:00","description":"Dime Studded Belt - Black buy at Sprouters \u2713 fast shipping \u2713 top quality \u25ba discover now!","breadcrumb":{"@id":"https:\/\/sprouters.de\/en\/product\/dime-studded-belt-black\/#breadcrumb"},"inLanguage":"en-US","potentialAction":[{"@type":"ReadAction","target":["https:\/\/sprouters.de\/en\/product\/dime-studded-belt-black\/"]}]},{"@type":"ImageObject","inLanguage":"en-US","@id":"https:\/\/sprouters.de\/en\/product\/dime-studded-belt-black\/#primaryimage","url":"https:\/\/sprouters.de\/wp-content\/uploads\/2026\/03\/dime-studded-guertel-black_2_11zon.webp","contentUrl":"https:\/\/sprouters.de\/wp-content\/uploads\/2026\/03\/dime-studded-guertel-black_2_11zon.webp","width":1000,"height":1000},{"@type":"BreadcrumbList","@id":"https:\/\/sprouters.de\/en\/product\/dime-studded-belt-black\/#breadcrumb","itemListElement":[{"@type":"ListItem","position":1,"name":"Home page","item":"https:\/\/sprouters.de\/en\/"},{"@type":"ListItem","position":2,"name":"Shop","item":"https:\/\/sprouters.de\/shop\/"},{"@type":"ListItem","position":3,"name":"Dime Studded Belt &#8211; Black"}]},{"@type":"WebSite","@id":"https:\/\/sprouters.de\/en\/#website","url":"https:\/\/sprouters.de\/en\/","name":"Sprouters","description":"","publisher":{"@id":"https:\/\/sprouters.de\/en\/#organization"},"potentialAction":[{"@type":"SearchAction","target":{"@type":"EntryPoint","urlTemplate":"https:\/\/sprouters.de\/en\/?s={search_term_string}"},"query-input":{"@type":"PropertyValueSpecification","valueRequired":true,"valueName":"search_term_string"}}],"inLanguage":"en-US"},{"@type":"Organization","@id":"https:\/\/sprouters.de\/en\/#organization","name":"Sprouters","url":"https:\/\/sprouters.de\/en\/","logo":{"@type":"ImageObject","inLanguage":"en-US","@id":"https:\/\/sprouters.de\/en\/#\/schema\/logo\/image\/","url":"https:\/\/sprouters.de\/wp-content\/uploads\/2023\/04\/sprouters-01.svg","contentUrl":"https:\/\/sprouters.de\/wp-content\/uploads\/2023\/04\/sprouters-01.svg","width":150,"height":150,"caption":"Sprouters"},"image":{"@id":"https:\/\/sprouters.de\/en\/#\/schema\/logo\/image\/"}}]}},"brands":[{"id":507,"name":"Dime MTL","slug":"dime"}],"_links":{"self":[{"href":"https:\/\/sprouters.de\/en\/wp-json\/wp\/v2\/product\/44104","targetHints":{"allow":["GET"]}}],"collection":[{"href":"https:\/\/sprouters.de\/en\/wp-json\/wp\/v2\/product"}],"about":[{"href":"https:\/\/sprouters.de\/en\/wp-json\/wp\/v2\/types\/product"}],"wp:featuredmedia":[{"embeddable":true,"href":"https:\/\/sprouters.de\/en\/wp-json\/wp\/v2\/media\/43910"}],"wp:attachment":[{"href":"https:\/\/sprouters.de\/en\/wp-json\/wp\/v2\/media?parent=44104"}],"wp:term":[{"taxonomy":"pwb-brand","embeddable":true,"href":"https:\/\/sprouters.de\/en\/wp-json\/wp\/v2\/pwb-brand?post=44104"},{"taxonomy":"product_brand","embeddable":true,"href":"https:\/\/sprouters.de\/en\/wp-json\/wp\/v2\/product_brand?post=44104"},{"taxonomy":"product_cat","embeddable":true,"href":"https:\/\/sprouters.de\/en\/wp-json\/wp\/v2\/product_cat?post=44104"},{"taxonomy":"product_tag","embeddable":true,"href":"https:\/\/sprouters.de\/en\/wp-json\/wp\/v2\/product_tag?post=44104"}],"curies":[{"name":"wp","href":"https:\/\/api.w.org\/{rel}","templated":true}]}}